{"id":1577,"date":"2020-04-29T14:53:41","date_gmt":"2020-04-29T12:53:41","guid":{"rendered":"https:\/\/tallertraficantes.net\/laboratoria\/notas\/"},"modified":"2022-02-05T15:05:05","modified_gmt":"2022-02-05T14:05:05","slug":"notas","status":"publish","type":"page","link":"https:\/\/laboratoria.red\/pt-br\/notas\/","title":{"rendered":"NOTAS"},"content":{"rendered":"<div class=\"fusion-fullwidth fullwidth-box fusion-builder-row-1 nonhundred-percent-fullwidth non-hundred-percent-height-scrolling\" style=\"--awb-border-radius-top-left:0px;--awb-border-radius-top-right:0px;--awb-border-radius-bottom-right:0px;--awb-border-radius-bottom-left:0px;--awb-flex-wrap:wrap;\" ><div class=\"fusion-builder-row fusion-row\"><div class=\"fusion-layout-column fusion_builder_column fusion-builder-column-0 fusion_builder_column_1_1 1_1 fusion-one-full fusion-column-first fusion-column-last\" style=\"--awb-bg-size:cover;\"><div class=\"fusion-column-wrapper fusion-column-has-shadow fusion-flex-column-wrapper-legacy\"><style type=\"text\/css\">.fusion-portfolio-wrapper#fusion-portfolio-1 .fusion-portfolio-content{  text-align: left; }<\/style><div class=\"fusion-recent-works fusion-portfolio-element fusion-portfolio fusion-portfolio-1 fusion-portfolio-grid fusion-portfolio-paging-pagination fusion-portfolio-two fusion-portfolio-unboxed fusion-portfolio-text fusion-portfolio-equal-heights fusion-portfolio-rollover\" data-id=\"-rw-1\" data-columns=\"two\"><style type=\"text\/css\">.fusion-portfolio-1 .fusion-portfolio-wrapper .fusion-col-spacing{padding:10px;}<\/style><div class=\"fusion-portfolio-wrapper\" id=\"fusion-portfolio-1\" data-picturesize=\"fixed\" data-pages=\"1\" style=\"margin:-10px;\"><article id=\"portfolio-1-post-2900\" class=\"fusion-portfolio-post cuidado-comunidade-e-comun notas-pt-pt fusion-col-spacing post-2900\"><div class=\"fusion-portfolio-content-wrapper\" style=\"border:none;\"><span class=\"vcard rich-snippet-hidden\"><span class=\"fn\"><a href=\"https:\/\/laboratoria.red\/pt-br\/author\/bea\/\" title=\"Posts de La Laboratoria\" rel=\"author\">La Laboratoria<\/a><\/span><\/span><span class=\"updated rich-snippet-hidden\">2024-07-01T15:41:58+02:00<\/span><div  class=\"fusion-image-wrapper fusion-image-size-fixed\" aria-haspopup=\"true\">\n\t\t\t\t<img decoding=\"async\" width=\"460\" height=\"295\" src=\"https:\/\/laboratoria.red\/wp-content\/uploads\/2024\/06\/Mulheridades-de-Abya-Yala-460x295.png\" class=\"attachment-portfolio-two size-portfolio-two wp-post-image\" alt=\"\" \/><div class=\"fusion-rollover\">\n\t<div class=\"fusion-rollover-content\">\n\n\t\t\t\t\t\t\t\t\t\t\t\t\t\t<a class=\"fusion-rollover-link\" href=\"https:\/\/laboratoria.red\/pt-br\/publicacion\/escola-feminista-abya-yala-jornal-mulheridades-de-abya-yala\/?portfolioCats=48\">Escola Feminista Abya Yala: Jornal Mulheridades de Abya Yala<\/a>\n\t\t\t\n\t\t\t\t\t\t\t\t\n\t\t\n\t\t\t\t\t\t\t\t\t\t\t\t<h4 class=\"fusion-rollover-title\">\n\t\t\t\t\t<a class=\"fusion-rollover-title-link\" href=\"https:\/\/laboratoria.red\/pt-br\/publicacion\/escola-feminista-abya-yala-jornal-mulheridades-de-abya-yala\/?portfolioCats=48\">\n\t\t\t\t\t\tEscola Feminista Abya Yala: Jornal Mulheridades de Abya Yala\t\t\t\t\t<\/a>\n\t\t\t\t<\/h4>\n\t\t\t\n\t\t\t\t\t\t\t\t\n\t\t\n\t\t\t\t\t\t<a class=\"fusion-link-wrapper\" href=\"https:\/\/laboratoria.red\/pt-br\/publicacion\/escola-feminista-abya-yala-jornal-mulheridades-de-abya-yala\/?portfolioCats=48\" aria-label=\"Escola Feminista Abya Yala: Jornal Mulheridades de Abya Yala\"><\/a>\n\t<\/div>\n<\/div>\n<\/div>\n<div class=\"fusion-portfolio-content\"><h2 class=\"entry-title fusion-post-title\"><a href=\"https:\/\/laboratoria.red\/pt-br\/publicacion\/escola-feminista-abya-yala-jornal-mulheridades-de-abya-yala\/?portfolioCats=48\">Escola Feminista Abya Yala: Jornal Mulheridades de Abya Yala<\/a><\/h2><div class=\"fusion-portfolio-meta\"><a href=\"https:\/\/laboratoria.red\/pt-br\/eje\/cuidado-comunidade-e-comun\/\" rel=\"tag\">Cuidado, comunidade e comum<\/a>, <a href=\"https:\/\/laboratoria.red\/pt-br\/eje\/notas-pt-pt\/\" rel=\"tag\">Notas<\/a><\/div><div class=\"fusion-post-content\"><p>Mulheres cis e trans, travestis e mulheridades diversas em luta pelos direitos dos territ\u00f3rios perif\u00e9ricos de S\u00e3o Paulo, Brazil, que se re\u00fanem na Escola Feminista Abya Yala, publicam o seu primeiro jornal, que temos a honra de reproduzir para download gratuito e divulga\u00e7\u00e3o na Internet.<\/p><\/div><\/div><\/div><\/article><article id=\"portfolio-1-post-1857\" class=\"fusion-portfolio-post notas-pt-pt sindicalismo-feminista-e-precariedade fusion-col-spacing post-1857\"><div class=\"fusion-portfolio-content-wrapper\" style=\"border:none;\"><span class=\"vcard rich-snippet-hidden\"><span class=\"fn\"><a href=\"https:\/\/laboratoria.red\/pt-br\/author\/bea\/\" title=\"Posts de La Laboratoria\" rel=\"author\">La Laboratoria<\/a><\/span><\/span><span class=\"updated rich-snippet-hidden\">2022-05-10T09:37:52+02:00<\/span><div  class=\"fusion-image-wrapper fusion-image-size-fixed\" aria-haspopup=\"true\">\n\t\t\t\t<img decoding=\"async\" width=\"460\" height=\"295\" src=\"https:\/\/laboratoria.red\/wp-content\/uploads\/2022\/05\/hacia-una-inter-sindical-feminista-460x295.png\" class=\"attachment-portfolio-two size-portfolio-two wp-post-image\" alt=\"\" \/><div class=\"fusion-rollover\">\n\t<div class=\"fusion-rollover-content\">\n\n\t\t\t\t\t\t\t\t\t\t\t\t\t\t<a class=\"fusion-rollover-link\" href=\"https:\/\/laboratoria.red\/pt-br\/publicacion\/rumo-a-uma-inter-sindical-feminista-carta-a-nossas-amigas-aliadas-interlocutoras\/?portfolioCats=48\">Rumo a uma inter-sindical feminista. Carta a nossas amigas, aliadas, interlocutoras<\/a>\n\t\t\t\n\t\t\t\t\t\t\t\t\n\t\t\n\t\t\t\t\t\t\t\t\t\t\t\t<h4 class=\"fusion-rollover-title\">\n\t\t\t\t\t<a class=\"fusion-rollover-title-link\" href=\"https:\/\/laboratoria.red\/pt-br\/publicacion\/rumo-a-uma-inter-sindical-feminista-carta-a-nossas-amigas-aliadas-interlocutoras\/?portfolioCats=48\">\n\t\t\t\t\t\tRumo a uma inter-sindical feminista. Carta a nossas amigas, aliadas, interlocutoras\t\t\t\t\t<\/a>\n\t\t\t\t<\/h4>\n\t\t\t\n\t\t\t\t\t\t\t\t\n\t\t\n\t\t\t\t\t\t<a class=\"fusion-link-wrapper\" href=\"https:\/\/laboratoria.red\/pt-br\/publicacion\/rumo-a-uma-inter-sindical-feminista-carta-a-nossas-amigas-aliadas-interlocutoras\/?portfolioCats=48\" aria-label=\"Rumo a uma inter-sindical feminista. Carta a nossas amigas, aliadas, interlocutoras\"><\/a>\n\t<\/div>\n<\/div>\n<\/div>\n<div class=\"fusion-portfolio-content\"><h2 class=\"entry-title fusion-post-title\"><a href=\"https:\/\/laboratoria.red\/pt-br\/publicacion\/rumo-a-uma-inter-sindical-feminista-carta-a-nossas-amigas-aliadas-interlocutoras\/?portfolioCats=48\">Rumo a uma inter-sindical feminista. Carta a nossas amigas, aliadas, interlocutoras<\/a><\/h2><div class=\"fusion-portfolio-meta\"><a href=\"https:\/\/laboratoria.red\/pt-br\/eje\/notas-pt-pt\/\" rel=\"tag\">Notas<\/a>, <a href=\"https:\/\/laboratoria.red\/pt-br\/eje\/sindicalismo-feminista-e-precariedade\/\" rel=\"tag\">Sindicalismo feminista e precariedade<\/a><\/div><div class=\"fusion-post-content\"><p>Esta n\u00e3o \u00e9 uma carta reivindicando direitos dos ricos e poderosos. N\u00e3o \u00e9 uma carta de baixo para cima. \u00c9 uma carta de baixo para baixo, que busca tornar mais densa nossa rede de alian\u00e7as. Somos mulheres, pessoas trans e dissidentes, todas prec\u00e1rias, empobrecidas e fartas de ser v\u00edtimas do sistema cisheteropatriarcal capitalista e colonial. Estamos nos lares, cuidando dxs av\u00f3s e dxs filhxs; nos campos, colhendo morangos e embalando tomates; no  [...]<\/p><\/div><\/div><\/div><\/article><article id=\"portfolio-1-post-1748\" class=\"fusion-portfolio-post notas-pt-pt sindicalismo-feminista-e-precariedade fusion-col-spacing post-1748\"><div class=\"fusion-portfolio-content-wrapper\" style=\"border:none;\"><span class=\"vcard rich-snippet-hidden\"><span class=\"fn\"><a href=\"https:\/\/laboratoria.red\/pt-br\/author\/la-laboratoria\/\" title=\"Posts de La Laboratoria\" rel=\"author\">La Laboratoria<\/a><\/span><\/span><span class=\"updated rich-snippet-hidden\">2022-03-16T20:50:52+01:00<\/span><div  class=\"fusion-image-wrapper fusion-image-size-fixed\" aria-haspopup=\"true\">\n\t\t\t\t<img decoding=\"async\" width=\"460\" height=\"295\" src=\"https:\/\/laboratoria.red\/wp-content\/uploads\/2022\/03\/DSC_0282-2-460x295.jpg\" class=\"attachment-portfolio-two size-portfolio-two wp-post-image\" alt=\"\" \/><div class=\"fusion-rollover\">\n\t<div class=\"fusion-rollover-content\">\n\n\t\t\t\t\t\t\t\t\t\t\t\t\t\t<a class=\"fusion-rollover-link\" href=\"https:\/\/laboratoria.red\/pt-br\/publicacion\/organizarse-es-empezar-a-vencer-algunas-notas-desde-las-ii-jornadas-de-feminismo-sindicalista\/?portfolioCats=48\">\u201cOrganizar-se \u00e9 come\u00e7ar a vencer\u201d. Algumas notas da 2\u00aa Encontro sobre Feminismo Sindicalista<\/a>\n\t\t\t\n\t\t\t\t\t\t\t\t\n\t\t\n\t\t\t\t\t\t\t\t\t\t\t\t<h4 class=\"fusion-rollover-title\">\n\t\t\t\t\t<a class=\"fusion-rollover-title-link\" href=\"https:\/\/laboratoria.red\/pt-br\/publicacion\/organizarse-es-empezar-a-vencer-algunas-notas-desde-las-ii-jornadas-de-feminismo-sindicalista\/?portfolioCats=48\">\n\t\t\t\t\t\t\u201cOrganizar-se \u00e9 come\u00e7ar a vencer\u201d. Algumas notas da 2\u00aa Encontro sobre Feminismo Sindicalista\t\t\t\t\t<\/a>\n\t\t\t\t<\/h4>\n\t\t\t\n\t\t\t\t\t\t\t\t\n\t\t\n\t\t\t\t\t\t<a class=\"fusion-link-wrapper\" href=\"https:\/\/laboratoria.red\/pt-br\/publicacion\/organizarse-es-empezar-a-vencer-algunas-notas-desde-las-ii-jornadas-de-feminismo-sindicalista\/?portfolioCats=48\" aria-label=\"\u201cOrganizar-se \u00e9 come\u00e7ar a vencer\u201d. Algumas notas da 2\u00aa Encontro sobre Feminismo Sindicalista\"><\/a>\n\t<\/div>\n<\/div>\n<\/div>\n<div class=\"fusion-portfolio-content\"><h2 class=\"entry-title fusion-post-title\"><a href=\"https:\/\/laboratoria.red\/pt-br\/publicacion\/organizarse-es-empezar-a-vencer-algunas-notas-desde-las-ii-jornadas-de-feminismo-sindicalista\/?portfolioCats=48\">\u201cOrganizar-se \u00e9 come\u00e7ar a vencer\u201d. Algumas notas da 2\u00aa Encontro sobre Feminismo Sindicalista<\/a><\/h2><div class=\"fusion-portfolio-meta\"><a href=\"https:\/\/laboratoria.red\/pt-br\/eje\/notas-pt-pt\/\" rel=\"tag\">Notas<\/a>, <a href=\"https:\/\/laboratoria.red\/pt-br\/eje\/sindicalismo-feminista-e-precariedade\/\" rel=\"tag\">Sindicalismo feminista e precariedade<\/a><\/div><div class=\"fusion-post-content\"><p>Laborat\u00f3ria do Sul da Europa  Tatiana Romero en la asamblea \"Hacia una intersindical feminista\". Foto: Lotta Tenhuenen  La Laboratoria, desde seu n\u00f3 de Madri, vem incitando pensamentos e encontros a partir de um feminismo sindicalista que, sob diferentes nomes, h\u00e1 dois anos est\u00e1 abrindo caminho em nosso territ\u00f3rio e al\u00e9m. Entendemos que \u201csomos todas trabalhadoras\u201d porque dedicamos todo nosso tempo e for\u00e7a para sustentar nossas vidas e daquelas pessoas que  [...]<\/p><\/div><\/div><\/div><\/article><\/div><\/div><div class=\"fusion-clearfix\"><\/div><\/div><\/div><\/div><\/div>\n","protected":false},"excerpt":{"rendered":"","protected":false},"author":1,"featured_media":0,"parent":0,"menu_order":0,"comment_status":"closed","ping_status":"closed","template":"100-width.php","meta":{"footnotes":""},"class_list":["post-1577","page","type-page","status-publish","hentry"],"_links":{"self":[{"href":"https:\/\/laboratoria.red\/pt-br\/wp-json\/wp\/v2\/pages\/1577","targetHints":{"allow":["GET"]}}],"collection":[{"href":"https:\/\/laboratoria.red\/pt-br\/wp-json\/wp\/v2\/pages"}],"about":[{"href":"https:\/\/laboratoria.red\/pt-br\/wp-json\/wp\/v2\/types\/page"}],"author":[{"embeddable":true,"href":"https:\/\/laboratoria.red\/pt-br\/wp-json\/wp\/v2\/users\/1"}],"replies":[{"embeddable":true,"href":"https:\/\/laboratoria.red\/pt-br\/wp-json\/wp\/v2\/comments?post=1577"}],"version-history":[{"count":1,"href":"https:\/\/laboratoria.red\/pt-br\/wp-json\/wp\/v2\/pages\/1577\/revisions"}],"predecessor-version":[{"id":1579,"href":"https:\/\/laboratoria.red\/pt-br\/wp-json\/wp\/v2\/pages\/1577\/revisions\/1579"}],"wp:attachment":[{"href":"https:\/\/laboratoria.red\/pt-br\/wp-json\/wp\/v2\/media?parent=1577"}],"curies":[{"name":"wp","href":"https:\/\/api.w.org\/{rel}","templated":true}]}}