{"id":1494,"date":"2020-02-23T23:44:05","date_gmt":"2020-02-23T22:44:05","guid":{"rendered":"https:\/\/tallertraficantes.net\/laboratoria\/que-es\/"},"modified":"2022-06-20T13:06:20","modified_gmt":"2022-06-20T11:06:20","slug":"o-que-e","status":"publish","type":"page","link":"https:\/\/laboratoria.red\/pt-br\/o-que-e\/","title":{"rendered":"O QUE \u00c9?"},"content":{"rendered":"<h2 id=\"magicdomid23\" class=\"ace-line\"><span class=\"author-a-z66z1z90zz84zlsd7z70z29z65zfz67zz67zz77z\">La Laboratoria \u00e9 um dispositivo transnacional para apoiar a pesquisa ativista feminista<\/span><\/h2>\n<div id=\"magicdomid25\" class=\"ace-line\">\n<div id=\"magicdomid64\" class=\"ace-line\">Entendemos por investiga\u00e7\u00e3o ativista feminista aquilo que se faz a partir de quem est\u00e1 implicada em diversos territ\u00f3rios, envolvidas em conflitos e lutas concretas, a partir de linguagens e quest\u00f5es muitas vezes diferentes e comuns. Uma investiga\u00e7\u00e3o que aplica a lente e o desacato feminista aos processos mais d\u00edspares, transbordando qualquer gaveta ou escaninho dos temas de \u201cmulheres\u201d.<\/div>\n<\/div>\n<div id=\"magicdomid26\" class=\"ace-line\"><\/div>\n<div id=\"magicdomid27\" class=\"ace-line\"><span class=\"author-a-z66z1z90zz84zlsd7z70z29z65zfz67zz67zz77z\">Estamos presentes em cinco cidades (Buenos Aires, Quito, Nova York, Porto Alegre e Madrid) e a partir da\u00ed:<br \/>\n<\/span><\/div>\n<ul>\n<li id=\"magicdomid29\" class=\"ace-line\">Promovemos a pesquisa ativista dentro da mar\u00e9 feminista como uma pr\u00e1tica te\u00f3rica situada que nos permite construir coletivamente mapas de posi\u00e7\u00e3o e an\u00e1lise.<\/li>\n<li class=\"ace-line\">Cultivamos redes de colabora\u00e7\u00e3o e interc\u00e2mbio entre pr\u00e1ticas que buscam elaborar e conceituar suas trajet\u00f3rias pol\u00edticas.<\/li>\n<li class=\"ace-line\">Favorecemos a circula\u00e7\u00e3o de an\u00e1lises e debates em escala global entre experi\u00eancias e trajet\u00f3rias distintas.<\/li>\n<\/ul>\n<div id=\"magicdomid33\" class=\"ace-line\"><span class=\"author-a-z66z1z90zz84zlsd7z70z29z65zfz67zz67zz77z\">A inten\u00e7\u00e3o \u00e9, literalmente, servir de laborat\u00f3ria para uma produ\u00e7\u00e3o te\u00f3rica situada que circula t\u00e3o transnacionalmente quanto as lutas est\u00e3o fazendo.\u00a0<\/span><\/div>\n","protected":false},"excerpt":{"rendered":"<p>La Laboratoria \u00e9 um dispositivo transnacional para apoiar a pesquisa [&hellip;]<\/p>\n","protected":false},"author":1,"featured_media":0,"parent":0,"menu_order":0,"comment_status":"closed","ping_status":"open","template":"100-width.php","meta":{"footnotes":""},"class_list":["post-1494","page","type-page","status-publish","hentry"],"_links":{"self":[{"href":"https:\/\/laboratoria.red\/pt-br\/wp-json\/wp\/v2\/pages\/1494","targetHints":{"allow":["GET"]}}],"collection":[{"href":"https:\/\/laboratoria.red\/pt-br\/wp-json\/wp\/v2\/pages"}],"about":[{"href":"https:\/\/laboratoria.red\/pt-br\/wp-json\/wp\/v2\/types\/page"}],"author":[{"embeddable":true,"href":"https:\/\/laboratoria.red\/pt-br\/wp-json\/wp\/v2\/users\/1"}],"replies":[{"embeddable":true,"href":"https:\/\/laboratoria.red\/pt-br\/wp-json\/wp\/v2\/comments?post=1494"}],"version-history":[{"count":3,"href":"https:\/\/laboratoria.red\/pt-br\/wp-json\/wp\/v2\/pages\/1494\/revisions"}],"predecessor-version":[{"id":1876,"href":"https:\/\/laboratoria.red\/pt-br\/wp-json\/wp\/v2\/pages\/1494\/revisions\/1876"}],"wp:attachment":[{"href":"https:\/\/laboratoria.red\/pt-br\/wp-json\/wp\/v2\/media?parent=1494"}],"curies":[{"name":"wp","href":"https:\/\/api.w.org\/{rel}","templated":true}]}}